{"id":184,"date":"2010-08-28T14:05:46","date_gmt":"2010-08-28T13:05:46","guid":{"rendered":"http:\/\/casapovovermoim-maia.org\/?page_id=184"},"modified":"2011-05-26T10:54:53","modified_gmt":"2011-05-26T09:54:53","slug":"workshops","status":"publish","type":"page","link":"https:\/\/casapovovermoim-maia.org\/?page_id=184","title":{"rendered":"WORKSHOPS"},"content":{"rendered":"<p><span style=\"line-height: 115%; font-size: 14pt;\"><span style=\"font-family: Calibri;\">\u00a0<\/span><\/span><\/p>\n<p class=\"MsoNormal\" style=\"text-align: center; margin: 0cm 0cm 10pt;\" align=\"center\"><strong><span style=\"line-height: 115%; font-family: &quot;Times New Roman&quot;,&quot;serif&quot;; color: #17365d; font-size: 18pt; mso-fareast-font-family: 'Times New Roman'; mso-fareast-language: PT; mso-bidi-font-size: 11.0pt;\">\u00a0<\/span><\/strong><\/p>\n<p class=\"MsoNormal\" style=\"text-align: center; margin: 0cm 0cm 10pt;\" align=\"center\"><strong><span style=\"line-height: 115%; font-family: &quot;Times New Roman&quot;,&quot;serif&quot;; font-size: 12pt; mso-fareast-font-family: 'Times New Roman'; mso-fareast-language: PT;\">\u00a0<\/span><\/strong><\/p>\n<p class=\"MsoNormal\" style=\"text-align: center; margin: 0cm 0cm 10pt;\" align=\"center\"><strong><span style=\"line-height: 115%; font-family: &quot;Times New Roman&quot;,&quot;serif&quot;; color: #632423; font-size: 18pt; mso-fareast-font-family: 'Times New Roman'; mso-fareast-language: PT; mso-bidi-font-size: 11.0pt; mso-themecolor: accent2; mso-themeshade: 128;\">&#8220;QUEM MANDA L\u00c1 EM CASA&#8221;<\/span><\/strong><strong><\/strong><\/p>\n<p class=\"MsoNormal\" style=\"text-align: center; margin: 0cm 0cm 10pt;\" align=\"center\"><strong><span style=\"line-height: 115%; font-family: &quot;Times New Roman&quot;,&quot;serif&quot;; color: #17365d; font-size: 12pt; mso-fareast-font-family: 'Times New Roman'; mso-fareast-language: PT;\">\u00a0<\/span><\/strong><\/p>\n<p class=\"MsoNormal\" style=\"text-align: center; margin: 0cm 0cm 10pt;\" align=\"center\"><strong><span style=\"line-height: 115%; font-family: &quot;Times New Roman&quot;,&quot;serif&quot;; color: #17365d; font-size: 12pt; mso-fareast-font-family: 'Times New Roman'; mso-fareast-language: PT;\">D\u00favidas, estrat\u00e9gias, debate e pontos de reflex\u00e3o sobre educa\u00e7\u00e3o, disciplina, birras e desafios t\u00e3o inesperados como o &#8220;sair de cena&#8221;, para permitir que a calma regresse l\u00e1 em casa.<\/span><\/strong><\/p>\n<p class=\"MsoNormal\" style=\"text-align: center; margin: 0cm 0cm 10pt;\" align=\"center\"><strong><span style=\"line-height: 115%; font-family: &quot;Times New Roman&quot;,&quot;serif&quot;; color: #17365d; font-size: 12pt; mso-fareast-font-family: 'Times New Roman'; mso-fareast-language: PT;\">Porque educar, \u00e9 tamb\u00e9m aprender.<\/span><\/strong><\/p>\n<p class=\"MsoNormal\" style=\"text-align: center; margin: 0cm 0cm 10pt;\" align=\"center\"><strong><span style=\"line-height: 115%; font-family: &quot;Times New Roman&quot;,&quot;serif&quot;; color: #17365d; font-size: 12pt; mso-fareast-font-family: 'Times New Roman'; mso-fareast-language: PT;\">\u00a0<\/span><\/strong><\/p>\n<p class=\"MsoNormal\" style=\"text-align: center; margin: 0cm 0cm 10pt;\" align=\"center\"><strong><span style=\"line-height: 115%; font-family: &quot;Times New Roman&quot;,&quot;serif&quot;; color: #17365d; font-size: 12pt; mso-fareast-font-family: 'Times New Roman'; mso-fareast-language: PT;\">Dr\u00aa Marta Silva<\/span><\/strong><\/p>\n<p class=\"MsoNormal\" style=\"text-align: center; margin: 0cm 0cm 10pt;\" align=\"center\"><strong><span style=\"line-height: 115%; font-family: &quot;Times New Roman&quot;,&quot;serif&quot;; color: #17365d; font-size: 12pt; mso-fareast-font-family: 'Times New Roman'; mso-fareast-language: PT;\">Psic\u00f3loga Cl\u00ednica<\/span><\/strong><\/p>\n<p class=\"MsoNormal\" style=\"text-align: center; margin: 0cm 0cm 10pt;\" align=\"center\"><strong><span style=\"line-height: 115%; font-family: &quot;Times New Roman&quot;,&quot;serif&quot;; color: #17365d; font-size: 12pt; mso-fareast-font-family: 'Times New Roman'; mso-fareast-language: PT;\">\u00a0<\/span><\/strong><\/p>\n<p class=\"MsoNormal\" style=\"margin: 0cm 0cm 10pt; mso-margin-top-alt: auto; mso-margin-bottom-alt: auto;\"><strong><span style=\"line-height: 115%; color: #17365d; font-size: 12pt; mso-fareast-font-family: 'Times New Roman'; mso-bidi-font-family: Calibri; mso-fareast-language: PT;\">\u00a0<\/span><\/strong><\/p>\n<p class=\"MsoNormal\" style=\"text-align: center; margin: 0cm 0cm 10pt;\" align=\"center\"><strong><span style=\"line-height: 115%; font-family: &quot;Times New Roman&quot;,&quot;serif&quot;; font-size: 12pt; mso-fareast-font-family: 'Times New Roman'; mso-fareast-language: PT;\">\u00a0<\/span><\/strong><\/p>\n<p class=\"MsoNormal\" style=\"text-align: center; margin: 0cm 0cm 10pt;\" align=\"center\"><strong><span style=\"line-height: 115%; font-family: &quot;Times New Roman&quot;,&quot;serif&quot;; color: #632423; font-size: 18pt; mso-fareast-font-family: 'Times New Roman'; mso-fareast-language: PT; mso-bidi-font-size: 11.0pt; mso-themecolor: accent2; mso-themeshade: 128;\">\u201cVIVER NA ALEGRIA\u201d<\/span><\/strong><strong><\/strong><\/p>\n<p class=\"MsoNormal\" style=\"text-align: center; margin: 0cm 0cm 10pt;\" align=\"center\"><strong><span style=\"line-height: 115%; font-family: &quot;Times New Roman&quot;,&quot;serif&quot;; color: #17365d; font-size: 12pt; mso-fareast-font-family: 'Times New Roman'; mso-fareast-language: PT;\">\u00a0<\/span><\/strong><\/p>\n<p class=\"MsoNormal\" style=\"text-align: center; line-height: normal; margin: 0cm 0cm 10pt;\" align=\"center\"><strong><span style=\"font-family: &quot;Times New Roman&quot;,&quot;serif&quot;; color: #17365d; font-size: 12pt; mso-fareast-font-family: 'Times New Roman'; mso-fareast-language: PT;\">Ser Vibracional<\/span><\/strong><\/p>\n<p class=\"MsoNormal\" style=\"text-align: center; line-height: normal; margin: 0cm 0cm 10pt;\" align=\"center\"><strong><span style=\"font-family: &quot;Times New Roman&quot;,&quot;serif&quot;; color: #17365d; font-size: 12pt; mso-fareast-font-family: 'Times New Roman'; mso-fareast-language: PT;\">A vibra\u00e7\u00e3o dos pensamentos<\/span><\/strong><\/p>\n<p class=\"MsoNormal\" style=\"text-align: center; line-height: normal; margin: 0cm 0cm 10pt;\" align=\"center\"><strong><span style=\"font-family: &quot;Times New Roman&quot;,&quot;serif&quot;; color: #17365d; font-size: 12pt; mso-fareast-font-family: 'Times New Roman'; mso-fareast-language: PT;\">O valor das suas emo\u00e7\u00f5es<\/span><\/strong><\/p>\n<p class=\"MsoNormal\" style=\"text-align: center; line-height: normal; margin: 0cm 0cm 10pt;\" align=\"center\"><strong><span style=\"font-family: &quot;Times New Roman&quot;,&quot;serif&quot;; color: #17365d; font-size: 12pt; mso-fareast-font-family: 'Times New Roman'; mso-fareast-language: PT;\">(Escala de orienta\u00e7\u00e3o emocional, o poder criador do pensamento)<\/span><\/strong><\/p>\n<p class=\"MsoNormal\" style=\"text-align: center; line-height: normal; margin: 0cm 0cm 10pt;\" align=\"center\"><strong><span style=\"font-family: &quot;Times New Roman&quot;,&quot;serif&quot;; color: #17365d; font-size: 12pt; mso-fareast-font-family: 'Times New Roman'; mso-fareast-language: PT;\">Equilibrar as vibra\u00e7\u00f5es entre os desejos e as cren\u00e7as<\/span><\/strong><\/p>\n<p class=\"MsoNormal\" style=\"text-align: center; line-height: normal; margin: 0cm 0cm 10pt;\" align=\"center\"><strong><span style=\"font-family: &quot;Times New Roman&quot;,&quot;serif&quot;; color: #17365d; font-size: 12pt; mso-fareast-font-family: 'Times New Roman'; mso-fareast-language: PT;\">As ess\u00eancias vibracionais de Bach \u2013 equilibrar as frequ\u00eancias vibracionais<\/span><\/strong><\/p>\n<p class=\"MsoNormal\" style=\"text-align: center; line-height: normal; margin: 0cm 0cm 10pt;\" align=\"center\"><strong><span style=\"font-family: &quot;Times New Roman&quot;,&quot;serif&quot;; color: #17365d; font-size: 12pt; mso-fareast-font-family: 'Times New Roman'; mso-fareast-language: PT;\">Campo energ\u00e9tico &#8211; chackras \u2013 sistema end\u00f3crino<\/span><\/strong><\/p>\n<p class=\"MsoNormal\" style=\"text-align: center; line-height: normal; margin: 0cm 0cm 10pt;\" align=\"center\"><strong><span style=\"font-family: &quot;Times New Roman&quot;,&quot;serif&quot;; color: #17365d; font-size: 12pt; mso-fareast-font-family: 'Times New Roman'; mso-fareast-language: PT;\">A sua ess\u00eancia vibracional<\/span><\/strong><\/p>\n<p class=\"MsoNormal\" style=\"text-align: center; margin: 0cm 0cm 10pt;\" align=\"center\"><strong><span style=\"line-height: 115%; font-family: &quot;Times New Roman&quot;,&quot;serif&quot;; color: #17365d; font-size: 12pt; mso-fareast-font-family: 'Times New Roman'; mso-fareast-language: PT;\">\u00a0<\/span><\/strong><\/p>\n<p class=\"MsoNormal\" style=\"text-align: center; margin: 0cm 0cm 10pt;\" align=\"center\"><strong><span style=\"line-height: 115%; font-family: &quot;Times New Roman&quot;,&quot;serif&quot;; color: #17365d; font-size: 12pt; mso-fareast-font-family: 'Times New Roman'; mso-fareast-language: PT;\">Dr\u00aa Teresa Conde\u00e7o<\/span><\/strong><\/p>\n<p class=\"MsoNormal\" style=\"text-align: center; margin: 0cm 0cm 10pt;\" align=\"center\"><strong><span style=\"line-height: 115%; font-family: &quot;Times New Roman&quot;,&quot;serif&quot;; color: #17365d; font-size: 12pt; mso-fareast-font-family: 'Times New Roman'; mso-fareast-language: PT;\">Psic\u00f3loga e Terapeuta Floral<\/span><\/strong><\/p>\n<p class=\"MsoNormal\" style=\"text-align: center; margin: 0cm 0cm 10pt;\" align=\"center\"><strong><span style=\"line-height: 115%; font-family: &quot;Times New Roman&quot;,&quot;serif&quot;; color: #17365d; font-size: 12pt; mso-fareast-font-family: 'Times New Roman'; mso-fareast-language: PT;\">\u00a0<\/span><\/strong><\/p>\n<p class=\"MsoNormal\" style=\"text-align: center; margin: 0cm 0cm 10pt;\" align=\"center\"><strong><span style=\"line-height: 115%; font-family: &quot;Times New Roman&quot;,&quot;serif&quot;; color: #17365d; font-size: 12pt; mso-fareast-font-family: 'Times New Roman'; mso-fareast-language: PT;\">\u00a0<\/span><\/strong><\/p>\n<p class=\"MsoNormal\" style=\"margin: 0cm 0cm 10pt;\"><strong><span style=\"text-decoration: underline;\"><span style=\"line-height: 115%; color: #17365d; font-size: 12pt; mso-fareast-font-family: 'Times New Roman'; mso-bidi-font-family: Calibri; mso-fareast-language: PT;\">Inscri\u00e7\u00f5es:<\/span><\/span><\/strong><strong><\/strong><\/p>\n<p class=\"MsoNormal\" style=\"margin: 0cm 0cm 10pt;\"><strong><span style=\"line-height: 115%; color: #17365d; font-size: 12pt; mso-fareast-font-family: 'Times New Roman'; mso-bidi-font-family: Calibri; mso-fareast-language: PT;\">1 WORKSHOP:<\/span><\/strong><strong><\/strong><\/p>\n<div>\n<table class=\"MsoNormalTable\" style=\"margin: auto auto auto 92.1pt; border-collapse: collapse; mso-border-top-alt: solid #4BACC6 1.0pt; mso-border-bottom-alt: solid #4BACC6 1.0pt; mso-yfti-tbllook: 1184; mso-padding-alt: 0cm 5.4pt 0cm 5.4pt; mso-border-left-alt: outset windowtext .75pt; mso-border-right-alt: outset windowtext .75pt;\" border=\"1\" cellspacing=\"0\" cellpadding=\"0\">\n<tbody>\n<tr style=\"mso-yfti-irow: 0; mso-yfti-firstrow: yes;\">\n<td style=\"border-bottom: #4bacc6 1pt solid; border-left: #f0f0f0; padding-bottom: 0cm; background-color: transparent; padding-left: 5.4pt; width: 97.9pt; padding-right: 5.4pt; border-top: #4bacc6 1pt solid; border-right: #f0f0f0; padding-top: 0cm;\" width=\"131\" valign=\"top\">\n<p class=\"MsoNormal\" style=\"text-align: center; line-height: normal; margin: 0cm 6pt 0pt;\" align=\"center\"><span style=\"font-family: Calibri;\"><strong><span style=\"color: #31849b; font-size: 12pt; mso-fareast-font-family: 'Times New Roman'; mso-bidi-font-family: Calibri; mso-fareast-language: PT;\">\u00a0<\/span><\/strong><\/span><\/p>\n<\/td>\n<td style=\"border-bottom: #4bacc6 1pt solid; border-left: #f0f0f0; padding-bottom: 0cm; background-color: transparent; padding-left: 5.4pt; width: 110.1pt; padding-right: 5.4pt; border-top: #4bacc6 1pt solid; border-right: #f0f0f0; padding-top: 0cm;\" width=\"147\" valign=\"top\">\u00a0<\/td>\n<td style=\"border-bottom: #4bacc6 1pt solid; border-left: #f0f0f0; padding-bottom: 0cm; background-color: transparent; padding-left: 5.4pt; width: 107.15pt; padding-right: 5.4pt; border-top: #4bacc6 1pt solid; border-right: #f0f0f0; padding-top: 0cm;\" width=\"143\" valign=\"top\">\n<p class=\"MsoNormal\" style=\"text-align: center; line-height: normal; margin: 0cm 6pt 0pt;\" align=\"center\"><span style=\"font-family: Calibri;\"><strong><\/strong><\/span><\/p>\n<\/td>\n<\/tr>\n<tr style=\"mso-yfti-irow: 1;\">\n<td style=\"padding-bottom: 0cm; padding-left: 5.4pt; width: 97.9pt; padding-right: 5.4pt; background: #d2eaf1; padding-top: 0cm; border: #f0f0f0;\" width=\"131\" valign=\"top\">\n<p class=\"MsoNormal\" style=\"text-align: center; line-height: normal; margin: 0cm 6pt 0pt;\" align=\"center\"><span style=\"font-family: Calibri;\"><strong><span style=\"color: #31849b; font-size: 12pt; mso-fareast-font-family: 'Times New Roman'; mso-bidi-font-family: Calibri; mso-fareast-language: PT;\">S\u00f3cios \/ Estudantes<\/span><\/strong><\/span><\/p>\n<\/td>\n<td style=\"padding-bottom: 0cm; padding-left: 5.4pt; width: 110.1pt; padding-right: 5.4pt; background: #d2eaf1; padding-top: 0cm; border: #f0f0f0;\" width=\"147\" valign=\"top\">\n<p class=\"MsoNormal\" style=\"text-align: center; line-height: normal; margin: 0cm 6pt 0pt;\" align=\"center\"><span style=\"font-family: Calibri;\"><span style=\"color: #31849b; font-size: 12pt; mso-fareast-font-family: 'Times New Roman'; mso-bidi-font-family: Calibri; mso-fareast-language: PT;\">25\u20ac<\/span><\/span><\/p>\n<\/td>\n<td style=\"padding-bottom: 0cm; padding-left: 5.4pt; width: 107.15pt; padding-right: 5.4pt; background: #d2eaf1; padding-top: 0cm; border: #f0f0f0;\" width=\"143\" valign=\"top\">\n<p class=\"MsoNormal\" style=\"text-align: center; line-height: normal; margin: 0cm 6pt 0pt;\" align=\"center\"><span style=\"font-family: Calibri;\"><span style=\"color: #31849b; font-size: 12pt; mso-fareast-font-family: 'Times New Roman'; mso-bidi-font-family: Calibri; mso-fareast-language: PT;\">35\u20ac<\/span><\/span><\/p>\n<\/td>\n<\/tr>\n<tr style=\"mso-yfti-irow: 2; mso-yfti-lastrow: yes;\">\n<td style=\"border-bottom: #4bacc6 1pt solid; border-left: #f0f0f0; padding-bottom: 0cm; background-color: transparent; padding-left: 5.4pt; width: 97.9pt; padding-right: 5.4pt; border-top: #f0f0f0; border-right: #f0f0f0; padding-top: 0cm;\" width=\"131\" valign=\"top\">\n<p class=\"MsoNormal\" style=\"text-align: center; line-height: normal; margin: 0cm 6pt 0pt;\" align=\"center\"><span style=\"font-family: Calibri;\"><strong><span style=\"color: #31849b; font-size: 12pt; mso-fareast-font-family: 'Times New Roman'; mso-bidi-font-family: Calibri; mso-fareast-language: PT;\">N\u00e3o S\u00f3cios<\/span><\/strong><\/span><\/p>\n<\/td>\n<td style=\"border-bottom: #4bacc6 1pt solid; border-left: #f0f0f0; padding-bottom: 0cm; background-color: transparent; padding-left: 5.4pt; width: 110.1pt; padding-right: 5.4pt; border-top: #f0f0f0; border-right: #f0f0f0; padding-top: 0cm;\" width=\"147\" valign=\"top\">\n<p class=\"MsoNormal\" style=\"text-align: center; line-height: normal; margin: 0cm 6pt 0pt;\" align=\"center\"><span style=\"font-family: Calibri;\"><span style=\"color: #31849b; font-size: 12pt; mso-fareast-font-family: 'Times New Roman'; mso-bidi-font-family: Calibri; mso-fareast-language: PT;\">35\u20ac<\/span><\/span><\/p>\n<\/td>\n<td style=\"border-bottom: #4bacc6 1pt solid; border-left: #f0f0f0; padding-bottom: 0cm; background-color: transparent; padding-left: 5.4pt; width: 107.15pt; padding-right: 5.4pt; border-top: #f0f0f0; border-right: #f0f0f0; padding-top: 0cm;\" width=\"143\" valign=\"top\">\n<p class=\"MsoNormal\" style=\"text-align: center; line-height: normal; margin: 0cm 6pt 0pt;\" align=\"center\"><span style=\"font-family: Calibri;\"><span style=\"color: #31849b; font-size: 12pt; mso-fareast-font-family: 'Times New Roman'; mso-bidi-font-family: Calibri; mso-fareast-language: PT;\">45\u20ac<\/span><\/span><\/p>\n<\/td>\n<\/tr>\n<\/tbody>\n<\/table>\n<\/div>\n<p class=\"MsoNormal\" style=\"line-height: 14.25pt; margin: 0cm 0cm 10pt;\"><span style=\"font-family: &quot;Times New Roman&quot;,&quot;serif&quot;; color: black; font-size: 12pt; mso-fareast-font-family: 'Times New Roman'; mso-fareast-language: PT;\">\u00a0<\/span><\/p>\n<p class=\"MsoNormal\" style=\"margin: 0cm 0cm 10pt;\"><strong><span style=\"line-height: 115%; color: #17365d; font-size: 12pt; mso-fareast-font-family: 'Times New Roman'; mso-bidi-font-family: Calibri; mso-fareast-language: PT;\">2\u00a0WORKSHOPS:<\/span><\/strong><strong><\/strong><\/p>\n<div>\n<table class=\"MsoNormalTable\" style=\"margin: auto auto auto 92.1pt; border-collapse: collapse; mso-border-top-alt: solid #4BACC6 1.0pt; mso-border-bottom-alt: solid #4BACC6 1.0pt; mso-yfti-tbllook: 1184; mso-padding-alt: 0cm 5.4pt 0cm 5.4pt; mso-border-left-alt: outset windowtext .75pt; mso-border-right-alt: outset windowtext .75pt;\" border=\"1\" cellspacing=\"0\" cellpadding=\"0\">\n<tbody>\n<tr style=\"mso-yfti-irow: 0; mso-yfti-firstrow: yes;\">\n<td style=\"border-bottom: #4bacc6 1pt solid; border-left: #f0f0f0; padding-bottom: 0cm; background-color: transparent; padding-left: 5.4pt; width: 97.9pt; padding-right: 5.4pt; border-top: #4bacc6 1pt solid; border-right: #f0f0f0; padding-top: 0cm;\" width=\"131\" valign=\"top\">\n<p class=\"MsoNormal\" style=\"text-align: center; line-height: normal; margin: 0cm 6pt 0pt;\" align=\"center\"><span style=\"font-family: Calibri;\"><strong><span style=\"color: #31849b; font-size: 12pt; mso-fareast-font-family: 'Times New Roman'; mso-bidi-font-family: Calibri; mso-fareast-language: PT;\">\u00a0<\/span><\/strong><\/span><\/p>\n<\/td>\n<td style=\"border-bottom: #4bacc6 1pt solid; border-left: #f0f0f0; padding-bottom: 0cm; background-color: transparent; padding-left: 5.4pt; width: 110.1pt; padding-right: 5.4pt; border-top: #4bacc6 1pt solid; border-right: #f0f0f0; padding-top: 0cm;\" width=\"147\" valign=\"top\">\u00a0<\/td>\n<td style=\"border-bottom: #4bacc6 1pt solid; border-left: #f0f0f0; padding-bottom: 0cm; background-color: transparent; padding-left: 5.4pt; width: 107.15pt; padding-right: 5.4pt; border-top: #4bacc6 1pt solid; border-right: #f0f0f0; padding-top: 0cm;\" width=\"143\" valign=\"top\">\n<p class=\"MsoNormal\" style=\"text-align: center; line-height: normal; margin: 0cm 6pt 0pt;\" align=\"center\"><span style=\"font-family: Calibri;\"><strong><\/strong><\/span><\/p>\n<\/td>\n<\/tr>\n<tr style=\"mso-yfti-irow: 1;\">\n<td style=\"padding-bottom: 0cm; padding-left: 5.4pt; width: 97.9pt; padding-right: 5.4pt; background: #d2eaf1; padding-top: 0cm; border: #f0f0f0;\" width=\"131\" valign=\"top\">\n<p class=\"MsoNormal\" style=\"text-align: center; line-height: normal; margin: 0cm 6pt 0pt;\" align=\"center\"><span style=\"font-family: Calibri;\"><strong><span style=\"color: #31849b; font-size: 12pt; mso-fareast-font-family: 'Times New Roman'; mso-bidi-font-family: Calibri; mso-fareast-language: PT;\">S\u00f3cios \/ Estudantes<\/span><\/strong><\/span><\/p>\n<\/td>\n<td style=\"padding-bottom: 0cm; padding-left: 5.4pt; width: 110.1pt; padding-right: 5.4pt; background: #d2eaf1; padding-top: 0cm; border: #f0f0f0;\" width=\"147\" valign=\"top\">\n<p class=\"MsoNormal\" style=\"text-align: center; line-height: normal; margin: 0cm 6pt 0pt;\" align=\"center\"><span style=\"font-family: Calibri;\"><span style=\"color: #31849b; font-size: 12pt; mso-fareast-font-family: 'Times New Roman'; mso-bidi-font-family: Calibri; mso-fareast-language: PT;\">40\u20ac<\/span><\/span><\/p>\n<\/td>\n<td style=\"padding-bottom: 0cm; padding-left: 5.4pt; width: 107.15pt; padding-right: 5.4pt; background: #d2eaf1; padding-top: 0cm; border: #f0f0f0;\" width=\"143\" valign=\"top\">\n<p class=\"MsoNormal\" style=\"text-align: center; line-height: normal; margin: 0cm 6pt 0pt;\" align=\"center\"><span style=\"font-family: Calibri;\"><span style=\"color: #31849b; font-size: 12pt; mso-fareast-font-family: 'Times New Roman'; mso-bidi-font-family: Calibri; mso-fareast-language: PT;\">60\u20ac<\/span><\/span><\/p>\n<\/td>\n<\/tr>\n<tr style=\"mso-yfti-irow: 2; mso-yfti-lastrow: yes;\">\n<td style=\"border-bottom: #4bacc6 1pt solid; border-left: #f0f0f0; padding-bottom: 0cm; background-color: transparent; padding-left: 5.4pt; width: 97.9pt; padding-right: 5.4pt; border-top: #f0f0f0; border-right: #f0f0f0; padding-top: 0cm;\" width=\"131\" valign=\"top\">\n<p class=\"MsoNormal\" style=\"text-align: center; line-height: normal; margin: 0cm 6pt 0pt;\" align=\"center\"><span style=\"font-family: Calibri;\"><strong><span style=\"color: #31849b; font-size: 12pt; mso-fareast-font-family: 'Times New Roman'; mso-bidi-font-family: Calibri; mso-fareast-language: PT;\">N\u00e3o S\u00f3cios<\/span><\/strong><\/span><\/p>\n<\/td>\n<td style=\"border-bottom: #4bacc6 1pt solid; border-left: #f0f0f0; padding-bottom: 0cm; background-color: transparent; padding-left: 5.4pt; width: 110.1pt; padding-right: 5.4pt; border-top: #f0f0f0; border-right: #f0f0f0; padding-top: 0cm;\" width=\"147\" valign=\"top\">\n<p class=\"MsoNormal\" style=\"text-align: center; line-height: normal; margin: 0cm 6pt 0pt;\" align=\"center\"><span style=\"font-family: Calibri;\"><span style=\"color: #31849b; font-size: 12pt; mso-fareast-font-family: 'Times New Roman'; mso-bidi-font-family: Calibri; mso-fareast-language: PT;\">60\u20ac<\/span><\/span><\/p>\n<\/td>\n<td style=\"border-bottom: #4bacc6 1pt solid; border-left: #f0f0f0; padding-bottom: 0cm; background-color: transparent; padding-left: 5.4pt; width: 107.15pt; padding-right: 5.4pt; border-top: #f0f0f0; border-right: #f0f0f0; padding-top: 0cm;\" width=\"143\" valign=\"top\">\n<p class=\"MsoNormal\" style=\"text-align: center; line-height: normal; margin: 0cm 6pt 0pt;\" align=\"center\"><span style=\"font-family: Calibri;\"><span style=\"color: #31849b; font-size: 12pt; mso-fareast-font-family: 'Times New Roman'; mso-bidi-font-family: Calibri; mso-fareast-language: PT;\">80\u20ac<\/span><\/span><\/p>\n<\/td>\n<\/tr>\n<\/tbody>\n<\/table>\n<\/div>\n<p class=\"MsoNormal\" style=\"line-height: 14.25pt; margin: 0cm 0cm 10pt;\"><span style=\"font-family: &quot;Times New Roman&quot;,&quot;serif&quot;; color: black; font-size: 12pt; mso-fareast-font-family: 'Times New Roman'; mso-fareast-language: PT;\">\u00a0<\/span><\/p>\n<div><\/div>\n<p><span style=\"font-family: &quot;Times New Roman&quot;,&quot;serif&quot;; color: black; font-size: 12pt; mso-fareast-font-family: 'Times New Roman'; mso-fareast-language: PT;\"><\/p>\n<p class=\"MsoNormal\" style=\"margin: 0cm 0cm 10pt;\"><span style=\"font-family: Calibri;\"><span style=\"line-height: 115%; font-size: 14pt;\">Para realizar a inscri\u00e7\u00e3o, por favor\u00a0fazer download da\u00a0<a href=\"https:\/\/casapovovermoim-maia.org\/wp-content\/uploads\/2010\/08\/ficha-de-inscricao-workshops.pdf\" target=\"_blank\"><span style=\"color: #993300;\">Ficha de Inscri\u00e7\u00e3o<\/span><\/a> preencher e enviar atrav\u00e9s do email: <span style=\"line-height: 115%; color: black; font-size: 14pt; mso-bidi-font-family: Tahoma;\"><a href=\"mailto:formacao@casapovovermoim-maia.org\"><span style=\"color: #0000ff;\">formacao@casapovovermoim-maia.org<\/span><\/a>\u00a0,<\/span>\u00a0ou ent\u00e3o\u00a0ligar para 229425668. <\/span><\/span><\/p>\n<p class=\"MsoNormal\" style=\"margin: 0cm 0cm 10pt;\"><span style=\"font-family: Calibri;\"><span style=\"line-height: 115%; color: black; font-size: 14pt; mso-bidi-font-family: Tahoma;\">A inscri\u00e7\u00e3o ficar\u00e1 v\u00e1lida ap\u00f3s pagamento da mesma.<\/span><\/span><\/p>\n<p class=\"MsoNormal\" style=\"text-align: center; margin: 0cm 0cm 10pt;\" align=\"center\"><span style=\"line-height: 115%; font-size: 14pt;\"><span style=\"font-family: Calibri;\">\u00a0<\/span><\/span><\/p>\n<p>\u00a0<\/p>\n<p><\/span><\/p>\n","protected":false},"excerpt":{"rendered":"<\/p>\n<p class=\"MsoNormal\" style=\"text-align: center; margin: 0cm 0cm 10pt;\" align=\"center\">\n<p class=\"MsoNormal\" style=\"text-align: center; margin: 0cm 0cm 10pt;\" align=\"center\">\n<p class=\"MsoNormal\" style=\"text-align: center; margin: 0cm 0cm 10pt;\" align=\"center\">&#8220;QUEM MANDA L\u00c1 EM CASA&#8221;<\/p>\n<p class=\"MsoNormal\" style=\"text-align: center; margin: 0cm 0cm 10pt;\" align=\"center\">\n<p class=\"MsoNormal\" style=\"text-align: center; margin: 0cm 0cm 10pt;\" align=\"center\">D\u00favidas, estrat\u00e9gias, [&#8230;]<\/p>\n","protected":false},"author":5,"featured_media":0,"parent":182,"menu_order":0,"comment_status":"closed","ping_status":"closed","template":"","meta":{"footnotes":""},"_links":{"self":[{"href":"https:\/\/casapovovermoim-maia.org\/index.php?rest_route=\/wp\/v2\/pages\/184"}],"collection":[{"href":"https:\/\/casapovovermoim-maia.org\/index.php?rest_route=\/wp\/v2\/pages"}],"about":[{"href":"https:\/\/casapovovermoim-maia.org\/index.php?rest_route=\/wp\/v2\/types\/page"}],"author":[{"embeddable":true,"href":"https:\/\/casapovovermoim-maia.org\/index.php?rest_route=\/wp\/v2\/users\/5"}],"replies":[{"embeddable":true,"href":"https:\/\/casapovovermoim-maia.org\/index.php?rest_route=%2Fwp%2Fv2%2Fcomments&post=184"}],"version-history":[{"count":0,"href":"https:\/\/casapovovermoim-maia.org\/index.php?rest_route=\/wp\/v2\/pages\/184\/revisions"}],"up":[{"embeddable":true,"href":"https:\/\/casapovovermoim-maia.org\/index.php?rest_route=\/wp\/v2\/pages\/182"}],"wp:attachment":[{"href":"https:\/\/casapovovermoim-maia.org\/index.php?rest_route=%2Fwp%2Fv2%2Fmedia&parent=184"}],"curies":[{"name":"wp","href":"https:\/\/api.w.org\/{rel}","templated":true}]}}