{"id":20,"date":"2009-08-11T01:42:43","date_gmt":"2009-08-11T00:42:43","guid":{"rendered":"http:\/\/casapovovermoim-maia.org\/?page_id=20"},"modified":"2010-05-05T00:08:13","modified_gmt":"2010-05-04T23:08:13","slug":"como-ser-socio","status":"publish","type":"page","link":"https:\/\/casapovovermoim-maia.org\/?page_id=20","title":{"rendered":"Como ser S\u00f3cio"},"content":{"rendered":"<p>Fa\u00e7a download da\u00a0<a href=\"https:\/\/casapovovermoim-maia.org\/wp-content\/uploads\/2009\/08\/proposta-de-admissao.pdf\">Proposta de Admiss\u00e3o de S\u00f3cio<\/a>, preencha-a e\u00a0junte:<\/p>\n<ul>\n<li>1 foto tipo passe;<\/li>\n<li>1 fotoc\u00f3pia do bilhete de identidade;<\/li>\n<li>1 fotoc\u00f3pia do n\u00famero de contribuinte.<\/li>\n<\/ul>\n<p>Poder\u00e1 entregar na sede da Casa do Povo nos seguintes dias:<\/p>\n<ul>\n<li>S\u00e1bados, das 11h \u00e0s 12h30;<\/li>\n<li>Domingos, das 10h30 \u00e0s 12h30.<\/li>\n<\/ul>\n<p>Muito Obrigado.<\/p>\n","protected":false},"excerpt":{"rendered":"<p>Fa\u00e7a download da Proposta de Admiss\u00e3o de S\u00f3cio, preencha-a e junte:<\/p>\n<p> 1 foto tipo passe; 1 fotoc\u00f3pia do bilhete de identidade; 1 fotoc\u00f3pia do n\u00famero de contribuinte. <\/p>\n<p>Poder\u00e1 entregar na sede da Casa do Povo nos seguintes dias:<\/p>\n<p> S\u00e1bados, das 11h \u00e0s 12h30; Domingos, das 10h30 \u00e0s 12h30. <\/p>\n<p>Muito Obrigado.<\/p>\n","protected":false},"author":5,"featured_media":0,"parent":18,"menu_order":0,"comment_status":"closed","ping_status":"closed","template":"","meta":{"footnotes":""},"_links":{"self":[{"href":"https:\/\/casapovovermoim-maia.org\/index.php?rest_route=\/wp\/v2\/pages\/20"}],"collection":[{"href":"https:\/\/casapovovermoim-maia.org\/index.php?rest_route=\/wp\/v2\/pages"}],"about":[{"href":"https:\/\/casapovovermoim-maia.org\/index.php?rest_route=\/wp\/v2\/types\/page"}],"author":[{"embeddable":true,"href":"https:\/\/casapovovermoim-maia.org\/index.php?rest_route=\/wp\/v2\/users\/5"}],"replies":[{"embeddable":true,"href":"https:\/\/casapovovermoim-maia.org\/index.php?rest_route=%2Fwp%2Fv2%2Fcomments&post=20"}],"version-history":[{"count":0,"href":"https:\/\/casapovovermoim-maia.org\/index.php?rest_route=\/wp\/v2\/pages\/20\/revisions"}],"up":[{"embeddable":true,"href":"https:\/\/casapovovermoim-maia.org\/index.php?rest_route=\/wp\/v2\/pages\/18"}],"wp:attachment":[{"href":"https:\/\/casapovovermoim-maia.org\/index.php?rest_route=%2Fwp%2Fv2%2Fmedia&parent=20"}],"curies":[{"name":"wp","href":"https:\/\/api.w.org\/{rel}","templated":true}]}}