{"id":224,"date":"2010-08-28T15:16:03","date_gmt":"2010-08-28T14:16:03","guid":{"rendered":"http:\/\/casapovovermoim-maia.org\/?page_id=224"},"modified":"2010-08-28T15:16:59","modified_gmt":"2010-08-28T14:16:59","slug":"psicologia","status":"publish","type":"page","link":"https:\/\/casapovovermoim-maia.org\/?page_id=224","title":{"rendered":"Psicologia"},"content":{"rendered":"<p class=\"MsoNormal\" style=\"text-align: center; line-height: 150%; margin: 0cm 0cm 0pt;\" align=\"center\"><strong><span style=\"line-height: 150%; font-variant: small-caps; color: #984806; font-size: 20pt;\"><span style=\"font-family: Calibri;\">CONSULTA DE PSICOLOGIA<\/span><\/span><\/strong><\/p>\n<p class=\"MsoNormal\" style=\"text-align: center; line-height: 150%; margin: 0cm 0cm 0pt;\" align=\"center\"><strong><span style=\"line-height: 150%; font-variant: small-caps; color: #984806; font-size: 20pt;\"><span style=\"font-family: Calibri;\">na casa do povo de vermoim<\/span><\/span><\/strong><\/p>\n<p class=\"MsoNormal\" style=\"text-align: center; line-height: 150%; margin: 0cm 0cm 0pt;\" align=\"center\"><span style=\"font-family: Calibri; font-size: small;\">\u00a0<\/span><\/p>\n<p class=\"MsoNormal\" style=\"text-align: center; line-height: 150%; margin: 0cm 0cm 0pt;\" align=\"center\"><span style=\"line-height: 150%; font-size: 12pt;\"><span style=\"font-family: Calibri;\">\u00a0<\/span><\/span><\/p>\n<p class=\"MsoNormal\" style=\"text-align: center; line-height: 150%; margin: 0cm 0cm 0pt;\" align=\"center\"><strong><span style=\"text-decoration: underline;\"><span style=\"line-height: 150%; font-size: 12pt;\"><span style=\"font-family: Calibri;\">Para marca\u00e7\u00e3o de Consulta Contactar: 918 115 660<\/span><\/span><\/span><\/strong><\/p>\n<p class=\"MsoNormal\" style=\"text-align: center; line-height: 150%; margin: 0cm 0cm 0pt;\" align=\"center\"><span style=\"line-height: 150%; font-size: 12pt;\"><span style=\"font-family: Calibri;\">\u00a0<\/span><\/span><\/p>\n<p class=\"MsoNormal\" style=\"line-height: 150%; margin: 0cm 0cm 0pt;\"><span style=\"line-height: 150%; font-size: 12pt;\"><span style=\"font-family: Calibri;\">\u00a0<\/span><\/span><\/p>\n<p class=\"MsoNormal\" style=\"text-align: center; line-height: 150%; margin: 0cm 0cm 0pt;\" align=\"center\"><span style=\"line-height: 150%; font-size: 12pt;\"><span style=\"font-family: Calibri;\">Dr\u00aa Maria Jos\u00e9 Mandim<\/span><\/span><\/p>\n<p class=\"MsoNormal\" style=\"text-align: center; line-height: 150%; margin: 0cm 0cm 0pt;\" align=\"center\"><span style=\"line-height: 150%; font-size: 12pt;\"><span style=\"font-family: Calibri;\">Psic\u00f3loga<\/span><\/span><\/p>\n<p class=\"MsoNormal\" style=\"text-align: center; line-height: 150%; margin: 0cm 0cm 0pt;\" align=\"center\"><span style=\"line-height: 150%; font-size: 12pt;\"><span style=\"font-family: Calibri;\">\u00a0<\/span><\/span><\/p>\n<p class=\"MsoNormal\" style=\"text-align: center; line-height: 150%; margin: 0cm 0cm 0pt;\" align=\"center\"><span style=\"line-height: 150%; font-size: 12pt;\"><span style=\"font-family: Calibri;\">\u00a0<\/span><\/span><\/p>\n<p class=\"MsoNormal\" style=\"text-align: center; line-height: 200%; margin: 0cm 0cm 0pt;\" align=\"center\"><span style=\"line-height: 200%; font-size: 12pt;\"><span style=\"font-family: Calibri;\">&#8211; Consulta de Psicologia a Crian\u00e7as, Adolescentes e Adultos;<\/span><\/span><\/p>\n<p class=\"MsoNormal\" style=\"text-align: center; line-height: 200%; margin: 0cm 0cm 0pt;\" align=\"center\"><span style=\"line-height: 200%; font-size: 12pt;\"><span style=\"font-family: Calibri;\">&#8211; Interven\u00e7\u00e3o nas Perturba\u00e7\u00f5es do Desenvolvimento Infantil;<\/span><\/span><\/p>\n<p class=\"MsoNormal\" style=\"text-align: center; line-height: 200%; margin: 0cm 0cm 0pt;\" align=\"center\"><span style=\"line-height: 200%; font-size: 12pt;\"><span style=\"font-family: Calibri;\">&#8211; Avalia\u00e7\u00e3o Psicol\u00f3gica;<\/span><\/span><\/p>\n<p class=\"MsoNormal\" style=\"text-align: center; line-height: 200%; margin: 0cm 0cm 0pt;\" align=\"center\"><span style=\"line-height: 200%; font-size: 12pt;\"><span style=\"font-family: Calibri;\">&#8211; Apoio Psicopedag\u00f3gico;<\/span><\/span><\/p>\n<p class=\"MsoNormal\" style=\"text-align: center; line-height: 200%; margin: 0cm 0cm 0pt;\" align=\"center\"><span style=\"line-height: 200%; font-size: 12pt;\"><span style=\"font-family: Calibri;\">&#8211; Avalia\u00e7\u00e3o Psicopedag\u00f3gica;<\/span><\/span><\/p>\n<p class=\"MsoNormal\" style=\"text-align: center; line-height: 200%; margin: 0cm 0cm 0pt;\" align=\"center\"><span style=\"line-height: 200%; font-size: 12pt;\"><span style=\"font-family: Calibri;\">&#8211; Avalia\u00e7\u00e3o e Interven\u00e7\u00e3o Neuropsicol\u00f3gica;<\/span><\/span><\/p>\n<p class=\"MsoNormal\" style=\"text-align: center; line-height: 200%; margin: 0cm 0cm 0pt;\" align=\"center\"><span style=\"line-height: 200%; font-size: 12pt;\"><span style=\"font-family: Calibri;\">&#8211; Orienta\u00e7\u00e3o Escolar e Profissional;<\/span><\/span><\/p>\n<p class=\"MsoNormal\" style=\"line-height: 150%; margin: 0cm 0cm 0pt;\"><span style=\"line-height: 150%; font-size: 12pt;\"><span style=\"font-family: Calibri;\">\u00a0<\/span><\/span><\/p>\n<p class=\"MsoNormal\" style=\"line-height: 150%; margin: 0cm 0cm 0pt;\"><strong><span style=\"text-decoration: underline;\"><span style=\"line-height: 150%; font-size: 12pt;\"><span style=\"text-decoration: none;\"><span style=\"font-family: Calibri;\">\u00a0<\/span><\/span><\/span><\/span><\/strong><\/p>\n<p class=\"MsoNormal\" style=\"line-height: 150%; margin: 0cm 0cm 0pt;\"><strong><span style=\"text-decoration: underline;\"><span style=\"line-height: 150%; font-size: 12pt;\"><span style=\"font-family: Calibri;\">Pre\u00e7\u00e1rio:<\/span><\/span><\/span><\/strong><\/p>\n<p class=\"MsoNormal\" style=\"line-height: 150%; margin: 0cm 0cm 0pt;\"><span style=\"line-height: 150%; font-size: 12pt;\"><span style=\"font-family: Calibri;\">\u00a0<\/span><\/span><\/p>\n<table class=\"MsoNormalTable\" style=\"border-collapse: collapse; mso-yfti-tbllook: 1184; mso-padding-alt: 0cm 5.4pt 0cm 5.4pt; mso-border-alt: solid #F79646 1.0pt;\" border=\"1\" cellspacing=\"0\" cellpadding=\"0\">\n<tbody>\n<tr style=\"mso-yfti-irow: 0; mso-yfti-firstrow: yes;\">\n<td style=\"border-bottom: #f0f0f0; border-left: #f79646 1pt solid; padding-bottom: 0cm; padding-left: 5.4pt; width: 232.2pt; padding-right: 5.4pt; background: #f79646; border-top: #f79646 1pt solid; border-right: #f0f0f0; padding-top: 0cm;\" width=\"310\" valign=\"top\">\n<p class=\"MsoNormal\" style=\"text-align: center; margin: 0cm 0cm 0pt; tab-stops: 65.4pt;\" align=\"center\"><strong><span style=\"color: white; font-size: 12pt;\"><span style=\"font-family: Calibri;\">\u00a0<\/span><\/span><\/strong><\/p>\n<\/td>\n<td style=\"border-bottom: #f0f0f0; border-left: #f0f0f0; padding-bottom: 0cm; padding-left: 5.4pt; width: 148.85pt; padding-right: 5.4pt; background: #f79646; border-top: #f79646 1pt solid; border-right: #f0f0f0; padding-top: 0cm;\" width=\"198\" valign=\"top\">\n<p class=\"MsoNormal\" style=\"text-align: center; margin: 0cm 0cm 0pt; tab-stops: 65.4pt;\" align=\"center\"><strong><span style=\"color: white; font-size: 12pt;\"><span style=\"font-family: Calibri;\">S\u00f3cios<\/span><\/span><\/strong><\/p>\n<\/td>\n<td style=\"border-bottom: #f0f0f0; border-left: #f0f0f0; padding-bottom: 0cm; padding-left: 5.4pt; width: 205.55pt; padding-right: 5.4pt; background: #f79646; border-top: #f79646 1pt solid; border-right: #f79646 1pt solid; padding-top: 0cm;\" width=\"274\" valign=\"top\">\n<p class=\"MsoNormal\" style=\"text-align: center; margin: 0cm 0cm 0pt; tab-stops: 65.4pt;\" align=\"center\"><strong><span style=\"color: white; font-size: 12pt;\"><span style=\"font-family: Calibri;\">N\u00e3o S\u00f3cios<\/span><\/span><\/strong><\/p>\n<\/td>\n<\/tr>\n<tr style=\"mso-yfti-irow: 1;\">\n<td style=\"border-bottom: #f79646 1pt solid; border-left: #f79646 1pt solid; padding-bottom: 0cm; background-color: transparent; padding-left: 5.4pt; width: 232.2pt; padding-right: 5.4pt; border-top: #f79646 1pt solid; border-right: #f0f0f0; padding-top: 0cm;\" width=\"310\" valign=\"top\">\n<p class=\"MsoNormal\" style=\"text-align: center; margin: 0cm 0cm 0pt; tab-stops: 65.4pt;\" align=\"center\"><strong><span style=\"font-size: 12pt;\"><span style=\"font-family: Calibri;\">1\u00aa Consulta<\/span><\/span><\/strong><\/p>\n<\/td>\n<td style=\"border-bottom: #f79646 1pt solid; border-left: #f0f0f0; padding-bottom: 0cm; background-color: transparent; padding-left: 5.4pt; width: 148.85pt; padding-right: 5.4pt; border-top: #f79646 1pt solid; border-right: #f0f0f0; padding-top: 0cm;\" width=\"198\" valign=\"top\">\n<p class=\"MsoNormal\" style=\"text-align: center; margin: 0cm 0cm 0pt; tab-stops: 65.4pt;\" align=\"center\"><span style=\"font-size: 12pt;\"><span style=\"font-family: Calibri;\">35\u20ac<\/span><\/span><\/p>\n<\/td>\n<td style=\"border-bottom: #f79646 1pt solid; border-left: #f0f0f0; padding-bottom: 0cm; background-color: transparent; padding-left: 5.4pt; width: 205.55pt; padding-right: 5.4pt; border-top: #f79646 1pt solid; border-right: #f79646 1pt solid; padding-top: 0cm;\" width=\"274\" valign=\"top\">\n<p class=\"MsoNormal\" style=\"text-align: center; margin: 0cm 0cm 0pt; tab-stops: 65.4pt;\" align=\"center\"><span style=\"font-size: 12pt;\"><span style=\"font-family: Calibri;\">50\u20ac<\/span><\/span><\/p>\n<\/td>\n<\/tr>\n<tr style=\"mso-yfti-irow: 2; mso-yfti-lastrow: yes;\">\n<td style=\"border-bottom: #f79646 1pt solid; border-left: #f79646 1pt solid; padding-bottom: 0cm; background-color: transparent; padding-left: 5.4pt; width: 232.2pt; padding-right: 5.4pt; border-top: #f0f0f0; border-right: #f0f0f0; padding-top: 0cm;\" width=\"310\" valign=\"top\">\n<p class=\"MsoNormal\" style=\"text-align: center; margin: 0cm 0cm 0pt; tab-stops: 65.4pt;\" align=\"center\"><strong><span style=\"font-size: 12pt;\"><span style=\"font-family: Calibri;\">Consultas de Seguimento<\/span><\/span><\/strong><\/p>\n<\/td>\n<td style=\"border-bottom: #f79646 1pt solid; border-left: #f0f0f0; padding-bottom: 0cm; background-color: transparent; padding-left: 5.4pt; width: 148.85pt; padding-right: 5.4pt; border-top: #f0f0f0; border-right: #f0f0f0; padding-top: 0cm;\" width=\"198\" valign=\"top\">\n<p class=\"MsoNormal\" style=\"text-align: center; margin: 0cm 0cm 0pt; tab-stops: 65.4pt;\" align=\"center\"><span style=\"font-size: 12pt;\"><span style=\"font-family: Calibri;\">25\u20ac<\/span><\/span><\/p>\n<\/td>\n<td style=\"border-bottom: #f79646 1pt solid; border-left: #f0f0f0; padding-bottom: 0cm; background-color: transparent; padding-left: 5.4pt; width: 205.55pt; padding-right: 5.4pt; border-top: #f0f0f0; border-right: #f79646 1pt solid; padding-top: 0cm;\" width=\"274\" valign=\"top\">\n<p class=\"MsoNormal\" style=\"text-align: center; margin: 0cm 0cm 0pt; tab-stops: 65.4pt;\" align=\"center\"><span style=\"font-size: 12pt;\"><span style=\"font-family: Calibri;\">40\u20ac<\/span><\/span><\/p>\n<\/td>\n<\/tr>\n<\/tbody>\n<\/table>\n","protected":false},"excerpt":{"rendered":"<p class=\"MsoNormal\" style=\"text-align: center; line-height: 150%; margin: 0cm 0cm 0pt;\" align=\"center\">CONSULTA DE PSICOLOGIA<\/p>\n<p class=\"MsoNormal\" style=\"text-align: center; line-height: 150%; margin: 0cm 0cm 0pt;\" align=\"center\">na casa do povo de vermoim<\/p>\n<p class=\"MsoNormal\" style=\"text-align: center; line-height: 150%; margin: 0cm 0cm 0pt;\" align=\"center\">\n<p class=\"MsoNormal\" style=\"text-align: center; line-height: 150%; margin: 0cm 0cm 0pt;\" align=\"center\">\n<p class=\"MsoNormal\" [...] \n\n","protected":false},"author":5,"featured_media":0,"parent":12,"menu_order":0,"comment_status":"open","ping_status":"closed","template":"","meta":{"footnotes":""},"_links":{"self":[{"href":"https:\/\/casapovovermoim-maia.org\/index.php?rest_route=\/wp\/v2\/pages\/224"}],"collection":[{"href":"https:\/\/casapovovermoim-maia.org\/index.php?rest_route=\/wp\/v2\/pages"}],"about":[{"href":"https:\/\/casapovovermoim-maia.org\/index.php?rest_route=\/wp\/v2\/types\/page"}],"author":[{"embeddable":true,"href":"https:\/\/casapovovermoim-maia.org\/index.php?rest_route=\/wp\/v2\/users\/5"}],"replies":[{"embeddable":true,"href":"https:\/\/casapovovermoim-maia.org\/index.php?rest_route=%2Fwp%2Fv2%2Fcomments&post=224"}],"version-history":[{"count":0,"href":"https:\/\/casapovovermoim-maia.org\/index.php?rest_route=\/wp\/v2\/pages\/224\/revisions"}],"up":[{"embeddable":true,"href":"https:\/\/casapovovermoim-maia.org\/index.php?rest_route=\/wp\/v2\/pages\/12"}],"wp:attachment":[{"href":"https:\/\/casapovovermoim-maia.org\/index.php?rest_route=%2Fwp%2Fv2%2Fmedia&parent=224"}],"curies":[{"name":"wp","href":"https:\/\/api.w.org\/{rel}","templated":true}]}}