{"id":265,"date":"2011-12-04T14:21:44","date_gmt":"2011-12-04T13:21:44","guid":{"rendered":"http:\/\/casapovovermoim-maia.org\/?page_id=265"},"modified":"2011-12-04T16:28:32","modified_gmt":"2011-12-04T15:28:32","slug":"1%c2%ba-encontro-de-carros-antigos","status":"publish","type":"page","link":"https:\/\/casapovovermoim-maia.org\/?page_id=265","title":{"rendered":"1\u00ba Encontro de Carros Antigos"},"content":{"rendered":"<div mce_tmp=\"1\">&nbsp;<\/div>\n<div mce_tmp=\"1\"><font size=\"3\" face=\"Times New Roman\"><\/p>\n<p><\/font><\/p>\n<p style=\"margin: 0cm 0cm 10pt;\" class=\"MsoNormal\"><font size=\"3\"><font face=\"Calibri\">No passado dia 1 de Dezembro A Casa do Povo de Vermoim realizou mais um evento que levou a passar pelas ruas de Vermoim e da Maia algumas rel\u00edquias autom\u00f3veis.<?xml:namespace prefix = o ns = \"urn:schemas-microsoft-com:office:office\" \/><o:p><\/o:p><\/font><\/font><\/p>\n<p><font size=\"3\" face=\"Times New Roman\"><\/p>\n<p><\/font><\/p>\n<p style=\"margin: 0cm 0cm 10pt;\" class=\"MsoNormal\"><font size=\"3\"><font face=\"Calibri\">Esta iniciativa insere-se num conjunto de actividades que durante este Mandato nos propusemos realizar.<o:p><\/o:p><\/font><\/font><\/p>\n<p><font size=\"3\" face=\"Times New Roman\"><\/p>\n<p><\/font><\/p>\n<p style=\"margin: 0cm 0cm 10pt;\" class=\"MsoNormal\"><font size=\"3\"><font face=\"Calibri\">Os participantes neste primeiro encontro mostraram-se satisfeitos com o evento e manifestaram todos a vontade de que a Casa do Povo de Vermoim continue a organizar mais vezes actividades como estas.<o:p><\/o:p><\/font><\/font><\/p>\n<p><font size=\"3\" face=\"Times New Roman\"><\/p>\n<p><\/font><\/p>\n<p style=\"margin: 0cm 0cm 10pt;\" class=\"MsoNormal\"><font size=\"3\"><font face=\"Calibri\">Foi realmente espectacular este movimento pois quem teve a oportunidade de assistir, quer \u00e0 passagem pelas ruas quer no largo do Lago na Urbaniza\u00e7\u00e3o dos Maninhos ficou deslumbrado com algumas das preciosidades tendo muitas dessas pessoas aproveitado para tirar fotografias.<o:p><\/o:p><\/font><\/font><\/p>\n<p><font size=\"3\" face=\"Times New Roman\"><\/p>\n<p><\/font><\/p>\n<p style=\"margin: 0cm 0cm 10pt;\" class=\"MsoNormal\"><font size=\"3\"><font face=\"Calibri\">Pelo sucessos alcan\u00e7ados, com certeza que assim como o ciclismo teremos para o Ano um novo encontro.<o:p><\/o:p><\/font><\/font><\/p>\n<p><font size=\"3\" face=\"Times New Roman\"><\/p>\n<p><\/font><\/p>\n<p style=\"margin: 0cm 0cm 10pt;\" class=\"MsoNormal\"><font size=\"3\"><font face=\"Calibri\">A todos os que connosco colaboraram o nosso muito obrigado.<o:p><\/o:p><\/font><\/font><\/p>\n<p><font size=\"3\" face=\"Times New Roman\"><\/p>\n<p><\/font><\/p>\n<p style=\"margin: 0cm 0cm 10pt;\" class=\"MsoNormal\"><o:p><font size=\"3\" face=\"Calibri\">&nbsp;<\/font><\/o:p><\/p>\n<p><font size=\"3\" face=\"Times New Roman\"><\/p>\n<p><\/font><span style='line-height: 115%; font-family: \"Calibri\",\"sans-serif\"; font-size: 11pt; mso-ascii-theme-font: minor-latin; mso-fareast-font-family: Calibri; mso-fareast-theme-font: minor-latin; mso-hansi-theme-font: minor-latin; mso-bidi-font-family: \"Times New Roman\"; mso-bidi-theme-font: minor-bidi; mso-fareast-language: EN-US; mso-ansi-language: PT; mso-bidi-language: AR-SA;'>Casa do Povo de Vermoim<\/span><\/div>\n<p><\/p>\n<p>\nLISTA DE PARTICIPANTES (Nome  e Veiculo)<\/p>\n<p>1\tANT\u00d3NIO QUEIR\u00d3S FERREIRA:\t\t\tPosrche 911T<\/p>\n<p>2\tANT\u00d3NIO S\u00c9RGIO PINTO:\t\t\tMercedes 3000 W123<\/p>\n<p>3\tANT\u00d3NIO TEIXEIRA VIEIRA:\t\t\tBMW 1800<\/p>\n<p>4\tARMANDO ALMEIDA RIBEIRO:\t\t\tCorvett<\/p>\n<p>5\tARMANDO CORREIA MORAIS\t:\t\tPorsche 944S<\/p>\n<p>6\tARMANDO CORREIA MORAIS:\t\t\tRenault 10<\/p>\n<p>7\tAUR\u00c9LIO MARTINS:\t\t\t\tBMW 2002<\/p>\n<p>8\tAVELINO JORGE MAIA NOGUEIRA:\t\tFiat 127<\/p>\n<p>9\tCARLOS PEREIRA:\t\t\t\tFiat 124<\/p>\n<p>10\tDIAMANTINO RAMOS DOS SANTOS:\t\tMini<\/p>\n<p>11\tDOMINGOS DA COSTA FARIA:\t\t\tMG B PULLHANDLE<\/p>\n<p>12\tDOMINGOS OLIVEIRA:\t\t\t\tFiat 600<\/p>\n<p>13\tFERNANDO SILVA:\t\t\t\tVolkswagen Carocha<\/p>\n<p>14\tGER\u00d3NIMO MAIA:\t\t\t\tVolkswagen Carocha 1302S<\/p>\n<p>15\tHENRIQUE M. T. ARA\u00daJO:\t\t\tChevrolet Corvette<\/p>\n<p>16\tHENRIQUE M. T. ARA\u00daJO:\t\t\tChevrolet Camaro<\/p>\n<p>17\tHENRIQUE M. T. ARA\u00daJO:\t\t\tMGA<\/p>\n<p>18\tHENRIQUE M. T. ARA\u00daJO:\t\t\tFiat 600<\/p>\n<p>19\tHUGO JOEL MOREIRA TEIXEIRA:\t\t\tFord Taunus 20M<\/p>\n<p>20\tJAIME COLA\u00c7O RAMALHO:\t\t\tVolkswagen Carocha 1200<\/p>\n<p>21\tJOAQUIM FRANCISCO SANTOS SILVA LESSA:\tAustin A35<\/p>\n<p>22\tJOAQUIM LAGE PINTO LOUREIRO:\t\tMercedes 180<\/p>\n<p>23\tJOAQUIM NOGUEIRA:\t\t\t\tJaguar XJ6<\/p>\n<p>24\tJOS\u00c9 FERNANDO ASCEN\u00c7\u00c3O:\t\t\tFiat 127<\/p>\n<p>25\tJOS\u00c9 MANUEL DA SILVA ROCHA:\t\tMoris Mini<\/p>\n<p>26\tJOS\u00c9 M\u00c1RIO PINHEIRO:\t\t\t\tTriunf Spit Fire<\/p>\n<p>27\tLUCIANO ANDR\u00c9 ALVES RAMALHO:\t\tFord Consul  315<\/p>\n<p>28\tMANUEL ALEIXO:\t\t\t\tMini<\/p>\n<p>29\tM\u00c1RIO ARA\u00daJO:\t\t\t\tAustin Mini<\/p>\n<p>30\tM\u00c1RIO ARA\u00daJO:\t\t\t\tLand Rover<\/p>\n<p>31\tNELSON RENATO DIAS CARVALHO:\t\tFiat 127 900C<\/p>\n<p>32\tRUI PINTO:\t\t\t\t\tBMW 1602<\/p>\n<p>33\tTERESA FILIPA MAIA MOREIRA:\t\t\tPeugeot 204<\/p>\n<p>34\tVICTOR JOAQUIM OLIVEIRA SOARES:\t\tAustin Mini Ima<\/p>\n<p>35\tVIRG\u00cdLIO MANDIM:\t\t\t\tVolkswagen Carocha<\/p>\n<p>36\tVITORINO MATOS CARDOSO:\t\t\tLand Rover S.IIA SAFARI\n<\/p>\n<p><\/p>\n<p class=\"MsoNormal\"><em><span style=\"font-size: 11pt; font-style: normal;\">Consulte a reportagem fotogr\u00e1fica do evento <a href=\"https:\/\/casapovovermoim-maia.org\/?page_id=412\">aqui<\/a>.<br \/>\n<\/span><\/em><\/p>\n","protected":false},"excerpt":{"rendered":"<p>&nbsp; <\/p>\n<\/p>\n<p style=\"margin: 0cm 0cm 10pt;\" class=\"MsoNormal\">No passado dia 1 de Dezembro A Casa do Povo de Vermoim realizou mais um evento que levou a passar pelas ruas de Vermoim e da Maia algumas rel\u00edquias autom\u00f3veis.<\/p>\n<\/p>\n<p style=\"margin: 0cm 0cm 10pt;\" class=\"MsoNormal\">Esta iniciativa insere-se num conjunto de actividades que durante este [&#8230;]<\/p>\n","protected":false},"author":5,"featured_media":0,"parent":204,"menu_order":0,"comment_status":"closed","ping_status":"closed","template":"","meta":{"footnotes":""},"_links":{"self":[{"href":"https:\/\/casapovovermoim-maia.org\/index.php?rest_route=\/wp\/v2\/pages\/265"}],"collection":[{"href":"https:\/\/casapovovermoim-maia.org\/index.php?rest_route=\/wp\/v2\/pages"}],"about":[{"href":"https:\/\/casapovovermoim-maia.org\/index.php?rest_route=\/wp\/v2\/types\/page"}],"author":[{"embeddable":true,"href":"https:\/\/casapovovermoim-maia.org\/index.php?rest_route=\/wp\/v2\/users\/5"}],"replies":[{"embeddable":true,"href":"https:\/\/casapovovermoim-maia.org\/index.php?rest_route=%2Fwp%2Fv2%2Fcomments&post=265"}],"version-history":[{"count":0,"href":"https:\/\/casapovovermoim-maia.org\/index.php?rest_route=\/wp\/v2\/pages\/265\/revisions"}],"up":[{"embeddable":true,"href":"https:\/\/casapovovermoim-maia.org\/index.php?rest_route=\/wp\/v2\/pages\/204"}],"wp:attachment":[{"href":"https:\/\/casapovovermoim-maia.org\/index.php?rest_route=%2Fwp%2Fv2%2Fmedia&parent=265"}],"curies":[{"name":"wp","href":"https:\/\/api.w.org\/{rel}","templated":true}]}}