{"id":81,"date":"2009-11-04T00:26:45","date_gmt":"2009-11-03T23:26:45","guid":{"rendered":"http:\/\/casapovovermoim-maia.org\/?page_id=81"},"modified":"2009-11-04T00:28:11","modified_gmt":"2009-11-03T23:28:11","slug":"discurso-de-inauguracao-da-sede","status":"publish","type":"page","link":"https:\/\/casapovovermoim-maia.org\/?page_id=81","title":{"rendered":"Discurso de Inaugura\u00e7\u00e3o da Sede"},"content":{"rendered":"<p class=\"MsoNormal\" style=\"margin: 0cm 0cm 0pt; line-height: 150%; text-align: justify;\">\u00a0<\/p>\n<p class=\"MsoNormal\" style=\"margin: 0cm 0cm 0pt; line-height: 150%; text-align: justify;\"><span style=\"font-size: 13pt; font-family: Verdana;\" lang=\"PT\">Exmos.<span style=\"mso-spacerun: yes;\">\u00a0 <\/span>Senhores<\/span><\/p>\n<p class=\"MsoNormal\" style=\"margin: 0cm 0cm 0pt; line-height: 150%; text-align: justify;\"><span style=\"font-size: 13pt; font-family: Verdana;\" lang=\"PT\">\u00a0<\/span><\/p>\n<p class=\"MsoNormal\" style=\"margin: 0cm 0cm 0pt; line-height: 150%; text-align: justify;\"><span style=\"font-size: 13pt; font-family: Verdana;\" lang=\"PT\">Neste Momento de Alegria e de festa para a popula\u00e7\u00e3o de Vermoim, \u00e9 com muita satisfa\u00e7\u00e3o e orgulho que cumprimento os presentes.<\/span><\/p>\n<p class=\"MsoNormal\" style=\"margin: 0cm 0cm 0pt; line-height: 150%; text-align: justify;\"><span style=\"font-size: 13pt; font-family: Verdana;\" lang=\"PT\">\u00a0<\/span><\/p>\n<p class=\"MsoNormal\" style=\"margin: 0cm 0cm 0pt; line-height: 150%; text-align: justify;\"><span style=\"font-size: 13pt; font-family: Verdana;\" lang=\"PT\">Come\u00e7o por deixar aqui uma palavra de enaltecimento e de apre\u00e7o, para 2 pessoas que come\u00e7aram toda esta \u201cprenda\u201d que hoje t\u00e3o solenemente aqui estamos a inaugurar.<\/span><\/p>\n<p class=\"MsoNormal\" style=\"margin: 0cm 0cm 0pt; line-height: 150%; text-align: justify;\"><span style=\"font-size: 13pt; font-family: Verdana;\" lang=\"PT\">Pessoas que infelizmente j\u00e1 n\u00e3o est\u00e3o no nosso meio mas que est\u00e3o no nosso pensamento e no nosso cora\u00e7\u00e3o.<\/span><\/p>\n<p class=\"MsoNormal\" style=\"margin: 0cm 0cm 0pt; line-height: 150%; text-align: justify;\"><span style=\"font-size: 13pt; font-family: Verdana;\" lang=\"PT\">S\u00e3o essas pessoas \u2013 a quem estendo um forte abra\u00e7o com saudades \u2013 o Dr. Jos\u00e9 Vieira de Carvalho e o Sr. Mois\u00e9s Maia.<\/span><\/p>\n<p class=\"MsoNormal\" style=\"margin: 0cm 0cm 0pt; line-height: 150%; text-align: justify;\"><span style=\"font-size: 13pt; font-family: Verdana;\" lang=\"PT\">Confio que estar\u00e3o t\u00e3o satisfeitos e felizes como n\u00f3s estamos hoje, e que, tal como n\u00f3s, olham para esta casa com muito orgulho e muita satisfa\u00e7\u00e3o.<\/span><\/p>\n<p class=\"MsoNormal\" style=\"margin: 0cm 0cm 0pt; line-height: 150%; text-align: justify;\"><span style=\"font-size: 13pt; font-family: Verdana;\" lang=\"PT\">\u00a0<\/span><\/p>\n<p class=\"MsoNormal\" style=\"margin: 0cm 0cm 0pt; line-height: 150%; text-align: justify;\"><span style=\"font-size: 13pt; font-family: Verdana;\" lang=\"PT\">ORGULHO PELA SUA OPORTUNIDADE<\/span><\/p>\n<p class=\"MsoNormal\" style=\"margin: 0cm 0cm 0pt; line-height: 150%; text-align: justify;\"><span style=\"font-size: 13pt; font-family: Verdana;\" lang=\"PT\">ORGULHO PELA SUA GRANDIOSIDADE<\/span><\/p>\n<p class=\"MsoNormal\" style=\"margin: 0cm 0cm 0pt; line-height: 150%; text-align: justify;\"><span style=\"font-size: 13pt; font-family: Verdana;\" lang=\"PT\">SATISFA\u00c7\u00c3O PELA SUA CONCRETIZA\u00c7\u00c3O<\/span><\/p>\n<p class=\"MsoNormal\" style=\"margin: 0cm 0cm 0pt; line-height: 150%; text-align: justify;\"><span style=\"font-size: 13pt;\" lang=\"PT\"><span style=\"font-family: Times New Roman;\">\u00a0<\/span><\/span><\/p>\n<p class=\"MsoNormal\" style=\"margin: 0cm 0cm 0pt; line-height: 150%; text-align: justify;\"><span style=\"font-size: 13pt; font-family: Verdana;\" lang=\"PT\">E estendo este abra\u00e7o n\u00e3o apenas em meu nome. Fa\u00e7o-o em nome da Direc\u00e7\u00e3o que presido, em nome da Assembleia-Geral, em nome do Conselho Fiscal e em nome de uma popula\u00e7\u00e3o an\u00f3nima. Fa\u00e7o-o, no fundo, em nome de toda a gente que sonhou esta obra, e em nome daqueles que dela poder\u00e3o usufruir. De todos n\u00f3s, um agradecimento sincero.<\/span><\/p>\n<p class=\"MsoNormal\" style=\"margin: 0cm 0cm 0pt; line-height: 150%; text-align: justify;\"><span style=\"font-size: 13pt; font-family: Verdana;\" lang=\"PT\">\u00a0<\/span><\/p>\n<p class=\"MsoNormal\" style=\"margin: 0cm 0cm 0pt; line-height: 150%; text-align: justify;\"><span style=\"font-size: 13pt; font-family: Verdana;\" lang=\"PT\">Queria aqui deixar claro, o quanto foi, e \u00e9, tamb\u00e9m, importante para n\u00f3s registar a sensibiliza\u00e7\u00e3o e carinho com que fomos recebidos pelos familiares dos s\u00f3cios que assinaram o Auto de Posse como primeiros membros desta Institui\u00e7\u00e3o aquando da entrega dos convites para esta Inaugura\u00e7\u00e3o. N\u00e3o posso, assim, deixar de os nomear: os familiares de Manuel Amadeu Tom\u00e9 dos Santos Rebelo, de Altino da Silva Gomes, de Ant\u00f3nio Rocha, do fundador Ant\u00f3nio da Silva Pato J\u00fanior e de Rodrigo Ferreira da Silva. Infelizmente n\u00e3o nos foi poss\u00edvel contactar os familiares de Armando da Silva Oliveira, pois encontram-se no estrangeiro.<\/span><\/p>\n<p class=\"MsoNormal\" style=\"margin: 0cm 0cm 0pt; line-height: 150%; text-align: justify;\"><span style=\"font-size: 13pt;\" lang=\"PT\"><span style=\"font-family: Times New Roman;\">\u00a0<\/span><\/span><\/p>\n<p class=\"MsoNormal\" style=\"margin: 0cm 0cm 0pt; line-height: 150%; text-align: justify;\"><span style=\"font-size: 13pt; font-family: Verdana;\" lang=\"PT\">Ao herdarmos esta casa herdamos com certeza uma casa que muito diz \u00e0 popula\u00e7\u00e3o de Vermoim.<\/span><\/p>\n<p class=\"MsoNormal\" style=\"margin: 0cm 0cm 0pt; line-height: 150%; text-align: justify;\"><span style=\"font-size: 13pt; font-family: Verdana;\" lang=\"PT\">\u00a0<\/span><\/p>\n<p class=\"MsoNormal\" style=\"margin: 0cm 0cm 0pt; line-height: 150%; text-align: justify;\"><span style=\"font-size: 13pt; font-family: Verdana;\" lang=\"PT\">Fundada em 1943 por um punhado de Vermoenses para servir um estrato mais carenciado da popula\u00e7\u00e3o da altura, como eram os \u201cmo\u00e7os\u201d ou criados da Lavoura, serviu como equivalente \u00e0 nossa Seguran\u00e7a Social com um consult\u00f3rio m\u00e9dico e enfermagem. <\/span><\/p>\n<p class=\"MsoNormal\" style=\"margin: 0cm 0cm 0pt; line-height: 150%; text-align: justify;\"><span style=\"font-size: 13pt; font-family: Verdana;\" lang=\"PT\">\u00a0<\/span><\/p>\n<p class=\"MsoNormal\" style=\"margin: 0cm 0cm 0pt; line-height: 150%; text-align: justify;\"><span style=\"font-size: 13pt; font-family: Verdana;\" lang=\"PT\">Teve tamb\u00e9m uma val\u00eancia desportiva: Andebol de onze, Andebol de sete, Futebol disputando os campeonatos respectivos da FNAT e depois do Inatel. Disputaram-se nos terrenos do campo da Casa do Povo interessantes jogos com a \u00c2mbar, T\u00eaxtil de Arcozelo, T\u00eaxtil Abel Alves de Figueiredo de Santo Tirso, Cer\u00e2mica de Valadares, mas os mais aguerridos eram os que opunham os nossos atletas com o vizinho Barca. Grandes tardes de confraterniza\u00e7\u00e3o. Aquilo que fez com que Vermoim na altura tivesse algum protagonismo entre as outras localidades, foi com certeza este seu Clube de Futebol. E teve ainda uma val\u00eancia Recreativa, com um Rancho Infantil e quem sabe algo mais, que agora n\u00e3o me ocorre mencionar, omiss\u00e3o pela qual pe\u00e7o j\u00e1 as minhas desculpas.<\/span><\/p>\n<p class=\"MsoNormal\" style=\"margin: 0cm 0cm 0pt; line-height: 150%; text-align: justify;\"><span style=\"font-size: 13pt; font-family: Verdana;\" lang=\"PT\">\u00a0<\/span><\/p>\n<p class=\"MsoNormal\" style=\"margin: 0cm 0cm 0pt; line-height: 150%; text-align: justify;\"><span style=\"font-size: 13pt; font-family: Verdana;\" lang=\"PT\">Faz parte do nosso programa recuperar e preservar todo este historial, expondo as ta\u00e7as que restam, j\u00e1 que algumas desapareceram, assim como um \u00e1lbum de fotografias com todas as mem\u00f3rias. <\/span><\/p>\n<p class=\"MsoNormal\" style=\"margin: 0cm 0cm 0pt; line-height: 150%; text-align: justify;\"><span style=\"font-size: 13pt; font-family: Verdana;\" lang=\"PT\">S\u00f3 com o apoio destes alicerces do passado, seremos capazes de construir um futuro s\u00f3lido. Assim, mais uma vez, presto homenagem a quantos criaram, utilizaram e serviram esta Casa do Povo. A todos eles, o nosso bem-haja.<\/span><\/p>\n<p class=\"MsoNormal\" style=\"margin: 0cm 0cm 0pt; line-height: 150%; text-align: justify;\"><span style=\"font-size: 13pt; font-family: Verdana;\" lang=\"PT\">\u00a0<\/span><\/p>\n<p class=\"MsoNormal\" style=\"margin: 0cm 0cm 0pt; line-height: 150%; text-align: justify;\"><span style=\"font-size: 13pt; font-family: Verdana;\" lang=\"PT\">Olhemos agora para os dias de hoje e para o amanh\u00e3.<\/span><\/p>\n<p class=\"MsoNormal\" style=\"margin: 0cm 0cm 0pt; line-height: 150%; text-align: justify;\"><span style=\"font-size: 13pt; font-family: Verdana;\" lang=\"PT\">Temos aqui uma bela casa! Casa essa que foi poss\u00edvel, porque a popula\u00e7\u00e3o de Vermoim comprou, em devido tempo, um terreno para a constru\u00e7\u00e3o de um Campo de Futebol. Esse terreno serviu para fazer uma permuta com a C\u00e2mara Municipal: a C\u00e2mara construiu esta Casa, dotando-a de alguns requisitos para poder funcionar, e a Casa do Povo, cede o Campo de Futebol para a\u00ed ser constru\u00eddo um parque de jogos.<span style=\"mso-spacerun: yes;\">\u00a0 <\/span>Este acordo est\u00e1 j\u00e1 a ser parcialmente cumprido.<\/span><\/p>\n<p class=\"MsoNormal\" style=\"margin: 0cm 0cm 0pt; line-height: 150%; text-align: justify;\"><span style=\"font-size: 13pt; font-family: Verdana;\" lang=\"PT\">\u00a0<\/span><\/p>\n<p class=\"MsoNormal\" style=\"margin: 0cm 0cm 0pt; line-height: 150%; text-align: justify;\"><span style=\"font-size: 13pt; font-family: Verdana;\" lang=\"PT\">Nesta oportunidade e como membros eleitos para um mandato de 3 anos, cabe-nos dar seguimento a tudo aquilo que nos deixaram e que sabemos que os nossos antecessores gostariam de ter feito. Vamos procurar honrar esses compromissos.<\/span><\/p>\n<p class=\"MsoNormal\" style=\"margin: 0cm 0cm 0pt; line-height: 150%; text-align: justify;\"><span style=\"font-size: 13pt; font-family: Verdana;\" lang=\"PT\">\u00a0<\/span><\/p>\n<p class=\"MsoNormal\" style=\"margin: 0cm 0cm 0pt; line-height: 150%; text-align: justify;\"><span style=\"font-size: 13pt; font-family: Verdana;\" lang=\"PT\">A Casa do Povo ir\u00e1 funcionar com algumas val\u00eancias culturais. J\u00e1 procuramos e continuamos a procurar parcerias com v\u00e1rias Institui\u00e7\u00f5es, Associa\u00e7\u00f5es, Empresas e demais interessados. Vamos colaborar com energia com a C\u00e2mara Municipal, Junta de Freguesia, para que os nossos conterr\u00e2neos possam ter mais entretenimento e lazer, e na medida do poss\u00edvel, uma melhoria na sua qualidade de vida. Estaremos abertos a qualquer sugest\u00e3o para engrandecer esta institui\u00e7\u00e3o.<\/span><\/p>\n<p class=\"MsoNormal\" style=\"margin: 0cm 0cm 0pt; line-height: 150%; text-align: justify;\"><span style=\"font-size: 13pt; font-family: Verdana;\" lang=\"PT\">\u00a0<\/span><\/p>\n<p class=\"MsoNormal\" style=\"margin: 0cm 0cm 0pt; line-height: 150%; text-align: justify;\"><span style=\"font-size: 13pt; font-family: Verdana;\" lang=\"PT\">Uma das aspira\u00e7\u00f5es do Povo de Vermoim seria com certeza ter um Lar de Dia. \u00c9 uma preocupa\u00e7\u00e3o que tamb\u00e9m partilhamos, e, sabendo o quanto \u00e9 dif\u00edcil, talvez possamos utilizar as instala\u00e7\u00f5es para Centro de Dia, que pensamos n\u00e3o ser t\u00e3o exigente.<\/span><\/p>\n<p class=\"MsoNormal\" style=\"margin: 0cm 0cm 0pt; line-height: 150%; text-align: justify;\"><span style=\"font-size: 13pt; font-family: Verdana;\" lang=\"PT\">\u00a0<\/span><\/p>\n<p class=\"MsoNormal\" style=\"margin: 0cm 0cm 0pt; line-height: 150%; text-align: justify;\"><span style=\"font-size: 13pt; font-family: Verdana;\" lang=\"PT\">Est\u00e1 tra\u00e7ado em passos gerais aquilo que nos propomos implantar, com nosso programa. Reconhecemos que n\u00e3o \u00e9 muito ambicioso, mas pensamos ser realista, um programa que vamos tentar cumprir. H\u00e1 muito caminho a percorrer, e para o podermos fazer, precisamos urgentemente de alcan\u00e7ar os 500 s\u00f3cios &#8211; vamos j\u00e1 nos 120 &#8211; e temos esperan\u00e7a que brevemente atingiremos esse n\u00famero.<\/span><\/p>\n<p class=\"MsoNormal\" style=\"margin: 0cm 0cm 0pt; line-height: 150%; text-align: justify;\"><span style=\"font-size: 13pt;\" lang=\"PT\"><span style=\"font-family: Times New Roman;\">\u00a0<\/span><\/span><\/p>\n<p class=\"MsoNormal\" style=\"margin: 0cm 0cm 0pt; line-height: 150%; text-align: justify;\"><span style=\"font-size: 13pt; font-family: Verdana;\" lang=\"PT\">Uma palavra em particular aos representantes aut\u00e1rquicos que temos o prazer de ter connosco:<\/span><\/p>\n<p class=\"MsoNormal\" style=\"margin: 0cm 0cm 0pt; line-height: 150%; text-align: justify;\"><span style=\"font-size: 13pt; font-family: Verdana;\" lang=\"PT\">Sr. Presidente da C\u00e2mara Municipal, Eng. Bragan\u00e7a Fernandes;<\/span><\/p>\n<p class=\"MsoNormal\" style=\"margin: 0cm 0cm 0pt; line-height: 150%; text-align: justify;\"><span style=\"font-size: 13pt; font-family: Verdana;\" lang=\"PT\">Sr. Presidente da Assembleia Municipal, Sr. Luciano Gomes;<\/span><\/p>\n<p class=\"MsoNormal\" style=\"margin: 0cm 0cm 0pt; line-height: 150%; text-align: justify;\"><span style=\"font-size: 13pt; font-family: Verdana;\" lang=\"PT\">Sr. Presidente da Junta, Dr. Alo\u00edsio Nogueira<\/span><\/p>\n<p class=\"MsoNormal\" style=\"margin: 0cm 0cm 0pt; line-height: 150%; text-align: justify;\"><span style=\"font-size: 13pt; font-family: Verdana;\" lang=\"PT\">\u00a0<\/span><\/p>\n<p class=\"MsoNormal\" style=\"margin: 0cm 0cm 0pt; line-height: 150%; text-align: justify;\"><span style=\"font-size: 13pt; font-family: Verdana;\" lang=\"PT\">N\u00f3s, o povo de Vermoim, esperamos que esta casa seja o motor de arranque para outras obras, com ou sem inaugura\u00e7\u00e3o pomposa. <\/span><\/p>\n<p class=\"MsoNormal\" style=\"margin: 0cm 0cm 0pt; line-height: 150%; text-align: justify;\"><span style=\"font-size: 13pt; font-family: Verdana;\" lang=\"PT\">Como tivemos oportunidade de dizer ao Sr Presidente da C\u00e2mara, aquando da nossa apresenta\u00e7\u00e3o, n\u00e3o iremos gastar muito do seu precioso tempo, porque sabemos que no concelho existem outras situa\u00e7\u00f5es bastante mais complicadas.<\/span><\/p>\n<p class=\"MsoNormal\" style=\"margin: 0cm 0cm 0pt; line-height: 150%; text-align: justify;\"><span style=\"font-size: 13pt; font-family: Verdana;\" lang=\"PT\">\u00a0<\/span><\/p>\n<p class=\"MsoNormal\" style=\"margin: 0cm 0cm 0pt; line-height: 150%; text-align: justify;\"><span style=\"font-size: 13pt; font-family: Verdana;\" lang=\"PT\">E termino, n\u00e3o sem antes deixar daqui uma palavra de carinho e amor para as nossas esposas, pois, se no final tivermos sucesso, foi, concerteza com o seu apoio e elas ter\u00e3o tido tanto ou mais sucesso que n\u00f3s.<\/span><\/p>\n<p class=\"MsoNormal\" style=\"margin: 0cm 0cm 0pt; line-height: 150%; text-align: justify;\"><span style=\"font-size: 13pt; font-family: Verdana;\" lang=\"PT\">\u00a0<\/span><\/p>\n<p class=\"MsoNormal\" style=\"margin: 0cm 0cm 0pt; line-height: 150%; text-align: justify;\"><span style=\"font-size: 13pt; font-family: Verdana;\" lang=\"PT\">Obrigado pela vossa presen\u00e7a e pela paci\u00eancia que tiveram em me escutar.<\/span><\/p>\n<p class=\"MsoNormal\" style=\"margin: 0cm 0cm 0pt; line-height: 150%; text-align: justify;\"><span style=\"font-size: 13pt; font-family: Verdana;\" lang=\"PT\">\u00a0<\/span><\/p>\n<p class=\"MsoNormal\" style=\"margin: 0cm 0cm 0pt; line-height: 150%; text-align: justify;\"><span style=\"font-size: 13pt; font-family: Verdana;\" lang=\"PT\">A todos o meu muito, muito obrigado.<\/span><\/p>\n<p class=\"MsoNormal\" style=\"margin: 0cm 0cm 0pt; line-height: 150%; text-align: justify;\"><span style=\"font-size: 13pt; font-family: Verdana;\" lang=\"PT\">\u00a0<\/span><\/p>\n<p><span style=\"font-size: 13pt; font-family: Verdana; mso-bidi-font-family: 'Times New Roman'; mso-fareast-font-family: 'Times New Roman'; mso-ansi-language: PT; mso-fareast-language: AR-SA; mso-bidi-language: AR-SA;\" lang=\"PT\">Despe\u00e7o-me com um abra\u00e7o e at\u00e9 sempre se Deus quiser.<\/span><\/p>\n","protected":false},"excerpt":{"rendered":"<p class=\"MsoNormal\" style=\"margin: 0cm 0cm 0pt; line-height: 150%; text-align: justify;\">\n<p class=\"MsoNormal\" style=\"margin: 0cm 0cm 0pt; line-height: 150%; text-align: justify;\">Exmos. Senhores<\/p>\n<p class=\"MsoNormal\" style=\"margin: 0cm 0cm 0pt; line-height: 150%; text-align: justify;\">\n<p class=\"MsoNormal\" style=\"margin: 0cm 0cm 0pt; line-height: 150%; text-align: justify;\">Neste Momento de Alegria e de festa para a popula\u00e7\u00e3o de Vermoim, \u00e9 [&#8230;]<\/p>\n","protected":false},"author":5,"featured_media":0,"parent":6,"menu_order":0,"comment_status":"closed","ping_status":"closed","template":"","meta":{"footnotes":""},"_links":{"self":[{"href":"https:\/\/casapovovermoim-maia.org\/index.php?rest_route=\/wp\/v2\/pages\/81"}],"collection":[{"href":"https:\/\/casapovovermoim-maia.org\/index.php?rest_route=\/wp\/v2\/pages"}],"about":[{"href":"https:\/\/casapovovermoim-maia.org\/index.php?rest_route=\/wp\/v2\/types\/page"}],"author":[{"embeddable":true,"href":"https:\/\/casapovovermoim-maia.org\/index.php?rest_route=\/wp\/v2\/users\/5"}],"replies":[{"embeddable":true,"href":"https:\/\/casapovovermoim-maia.org\/index.php?rest_route=%2Fwp%2Fv2%2Fcomments&post=81"}],"version-history":[{"count":0,"href":"https:\/\/casapovovermoim-maia.org\/index.php?rest_route=\/wp\/v2\/pages\/81\/revisions"}],"up":[{"embeddable":true,"href":"https:\/\/casapovovermoim-maia.org\/index.php?rest_route=\/wp\/v2\/pages\/6"}],"wp:attachment":[{"href":"https:\/\/casapovovermoim-maia.org\/index.php?rest_route=%2Fwp%2Fv2%2Fmedia&parent=81"}],"curies":[{"name":"wp","href":"https:\/\/api.w.org\/{rel}","templated":true}]}}